{"id":9571,"date":"2021-08-12T19:31:08","date_gmt":"2021-08-12T19:31:08","guid":{"rendered":"https:\/\/www.omgisac.com\/protab\/?page_id=9571"},"modified":"2021-12-09T20:39:13","modified_gmt":"2021-12-09T20:39:13","slug":"servicios","status":"publish","type":"page","link":"http:\/\/www.omgisac.com\/protab\/servicios\/","title":{"rendered":"Servicios"},"content":{"rendered":"\t\t<div data-elementor-type=\"wp-page\" data-elementor-id=\"9571\" class=\"elementor elementor-9571\" data-elementor-settings=\"[]\">\n\t\t\t\t\t\t\t<div class=\"elementor-section-wrap\">\n\t\t\t\t\t\t\t<section class=\"elementor-section elementor-top-section elementor-element elementor-element-e14ce06 elementor-section-boxed elementor-section-height-default elementor-section-height-default mkdf-parallax-row-no mkdf-content-aligment-left mkdf-elementor-row-grid-no mkdf-disabled-bg-image-bellow-no mkdf-row-btt-light\" data-id=\"e14ce06\" data-element_type=\"section\">\n\t\t\t\t\t\t<div class=\"elementor-container elementor-column-gap-no\">\n\t\t\t\t\t<div class=\"elementor-column elementor-col-100 elementor-top-column elementor-element elementor-element-731b3a4\" data-id=\"731b3a4\" data-element_type=\"column\">\n\t\t\t<div class=\"elementor-widget-wrap elementor-element-populated\">\n\t\t\t\t\t\t\t\t<div class=\"elementor-element elementor-element-cc82071 elementor-widget elementor-widget-mkdf_portfolio_list\" data-id=\"cc82071\" data-element_type=\"widget\" data-settings=\"{&quot;_animation&quot;:&quot;none&quot;}\" data-widget_type=\"mkdf_portfolio_list.default\">\n\t\t\t\t<div class=\"elementor-widget-container\">\n\t\t\t<div class=\"mkdf-portfolio-list-holder mkdf-grid-list mkdf-disable-bottom-space mkdf-pl-gallery mkdf-four-columns mkdf-no-space mkdf-pl-gallery-overlay  mkdf-pl-has-shadow  mkdf-pl-pag-no-pagination      mkdf-pl-default-skin\"  data-type=gallery data-skin=default-skin data-number-of-columns=four data-space-between-items=no data-image-proportions=square data-enable-fixed-proportions= data-enable-image-shadow=yes data-category=materials data-orderby=date data-order=ASC data-item-style=gallery-overlay data-content-top-margin= data-content-bottom-margin= data-enable-title=yes data-title-tag=h4 data-enable-category=no data-enable-count-images=yes data-enable-excerpt=no data-excerpt-length= data-readmore=yes data-pagination-type=no-pagination data-load-more-top-margin= data-filter=no data-filter-order-by= data-filter-text-transform= data-filter-bottom-margin= data-enable-article-animation=no data-portfolio-slider-on=no data-enable-loop=yes data-enable-autoplay=yes data-slider-speed=5000 data-slider-speed-animation=600 data-enable-navigation=yes data-enable-pagination=yes data-enable-auto-width=no data-max-num-pages=1 data-next-page=2>\n\t\t<div class=\"mkdf-pl-inner mkdf-outer-space  clearfix\">\n\t\t<article class=\"mkdf-pl-item mkdf-item-space  post-861 portfolio-item type-portfolio-item status-publish has-post-thumbnail hentry portfolio-category-materials portfolio-tag-design portfolio-tag-facades\">\n\t<div class=\"mkdf-pl-item-inner\">\n\t\t<a href=\"http:\/\/www.omgisac.com\/protab\/portfolio\/soluciones\/\">\n<div class=\"mkdf-pli-image\">\n\t<img loading=\"lazy\" decoding=\"async\" width=\"593\" height=\"650\" src=\"http:\/\/www.omgisac.com\/protab\/wp-content\/uploads\/2018\/12\/Soluciones-2-593x650.jpg\" class=\"attachment-wilmer_mikado_image_square size-wilmer_mikado_image_square wp-post-image\" alt=\"\" \/><\/div>\n<\/a>\n<div class=\"mkdf-pli-text-holder\">\n\t<div class=\"mkdf-pli-text-wrapper\">\n\t\t<div class=\"mkdf-pli-text\">\n            \n                <a href=\"http:\/\/www.omgisac.com\/protab\/portfolio\/soluciones\/\">\n\t<h4 itemprop=\"name\" class=\"mkdf-pli-title entry-title\" >\n\t\tSoluciones\t<\/h4>\n    <\/a>\n\n            \n            \n            \n    <!-- <div class=\"mkdf-pl-read-more-holder\">\n    \n    <a itemprop=\"url\" href=\"http:\/\/www.omgisac.com\/protab\/portfolio\/soluciones\/\" target=\"_self\"  class=\"mkdf-btn mkdf-btn-medium mkdf-btn-simple\"  >\n    <span class=\"mkdf-btn-text\">Find out more<\/span>\n    <\/a>\n    <\/div> -->\n\n    \t\t<\/div>\n\t<\/div>\n<\/div>\n\t\t<a itemprop=\"url\" class=\"mkdf-pli-link mkdf-block-drag-link\" href=\"http:\/\/www.omgisac.com\/protab\/portfolio\/soluciones\/\" target=\"_self\"><\/a>\n\t<\/div>\n<\/article><article class=\"mkdf-pl-item mkdf-item-space  post-867 portfolio-item type-portfolio-item status-publish has-post-thumbnail hentry portfolio-category-materials portfolio-tag-design portfolio-tag-facades\">\n\t<div class=\"mkdf-pl-item-inner\">\n\t\t<a href=\"http:\/\/www.omgisac.com\/protab\/portfolio\/soporte-e-implementaciones\/\">\n<div class=\"mkdf-pli-image\">\n\t<img loading=\"lazy\" decoding=\"async\" width=\"593\" height=\"650\" src=\"http:\/\/www.omgisac.com\/protab\/wp-content\/uploads\/2018\/12\/Soporte-e-implementaciones-2-1-593x650.jpg\" class=\"attachment-wilmer_mikado_image_square size-wilmer_mikado_image_square wp-post-image\" alt=\"\" \/><\/div>\n<\/a>\n<div class=\"mkdf-pli-text-holder\">\n\t<div class=\"mkdf-pli-text-wrapper\">\n\t\t<div class=\"mkdf-pli-text\">\n            \n                <a href=\"http:\/\/www.omgisac.com\/protab\/portfolio\/soporte-e-implementaciones\/\">\n\t<h4 itemprop=\"name\" class=\"mkdf-pli-title entry-title\" >\n\t\tSoporte e implementaciones\t<\/h4>\n    <\/a>\n\n            \n            \n            \n    <!-- <div class=\"mkdf-pl-read-more-holder\">\n    \n    <a itemprop=\"url\" href=\"http:\/\/www.omgisac.com\/protab\/portfolio\/soporte-e-implementaciones\/\" target=\"_self\"  class=\"mkdf-btn mkdf-btn-medium mkdf-btn-simple\"  >\n    <span class=\"mkdf-btn-text\">Find out more<\/span>\n    <\/a>\n    <\/div> -->\n\n    \t\t<\/div>\n\t<\/div>\n<\/div>\n\t\t<a itemprop=\"url\" class=\"mkdf-pli-link mkdf-block-drag-link\" href=\"http:\/\/www.omgisac.com\/protab\/portfolio\/soporte-e-implementaciones\/\" target=\"_self\"><\/a>\n\t<\/div>\n<\/article><article class=\"mkdf-pl-item mkdf-item-space  post-868 portfolio-item type-portfolio-item status-publish has-post-thumbnail hentry portfolio-category-materials portfolio-tag-details portfolio-tag-facades\">\n\t<div class=\"mkdf-pl-item-inner\">\n\t\t<a href=\"http:\/\/www.omgisac.com\/protab\/portfolio\/asesorias-y-consultorias\/\">\n<div class=\"mkdf-pli-image\">\n\t<img loading=\"lazy\" decoding=\"async\" width=\"593\" height=\"650\" src=\"http:\/\/www.omgisac.com\/protab\/wp-content\/uploads\/2018\/12\/Asesor-a-y-consultor-a-2-593x650.jpg\" class=\"attachment-wilmer_mikado_image_square size-wilmer_mikado_image_square wp-post-image\" alt=\"\" \/><\/div>\n<\/a>\n<div class=\"mkdf-pli-text-holder\">\n\t<div class=\"mkdf-pli-text-wrapper\">\n\t\t<div class=\"mkdf-pli-text\">\n            \n                <a href=\"http:\/\/www.omgisac.com\/protab\/portfolio\/asesorias-y-consultorias\/\">\n\t<h4 itemprop=\"name\" class=\"mkdf-pli-title entry-title\" >\n\t\tAsesor\u00edas y consultor\u00edas\t<\/h4>\n    <\/a>\n\n            \n            \n            \n    <!-- <div class=\"mkdf-pl-read-more-holder\">\n    \n    <a itemprop=\"url\" href=\"http:\/\/www.omgisac.com\/protab\/portfolio\/asesorias-y-consultorias\/\" target=\"_self\"  class=\"mkdf-btn mkdf-btn-medium mkdf-btn-simple\"  >\n    <span class=\"mkdf-btn-text\">Find out more<\/span>\n    <\/a>\n    <\/div> -->\n\n    \t\t<\/div>\n\t<\/div>\n<\/div>\n\t\t<a itemprop=\"url\" class=\"mkdf-pli-link mkdf-block-drag-link\" href=\"http:\/\/www.omgisac.com\/protab\/portfolio\/asesorias-y-consultorias\/\" target=\"_self\"><\/a>\n\t<\/div>\n<\/article><article class=\"mkdf-pl-item mkdf-item-space  post-869 portfolio-item type-portfolio-item status-publish has-post-thumbnail hentry portfolio-category-materials portfolio-tag-details portfolio-tag-facades\">\n\t<div class=\"mkdf-pl-item-inner\">\n\t\t<a href=\"http:\/\/www.omgisac.com\/protab\/portfolio\/asesoria-en-adquisicion-de-productos\/\">\n<div class=\"mkdf-pli-image\">\n\t<img loading=\"lazy\" decoding=\"async\" width=\"593\" height=\"650\" src=\"http:\/\/www.omgisac.com\/protab\/wp-content\/uploads\/2018\/12\/Asesor-a-en-Adquisici-n-2-593x650.jpg\" class=\"attachment-wilmer_mikado_image_square size-wilmer_mikado_image_square wp-post-image\" alt=\"\" \/><\/div>\n<\/a>\n<div class=\"mkdf-pli-text-holder\">\n\t<div class=\"mkdf-pli-text-wrapper\">\n\t\t<div class=\"mkdf-pli-text\">\n            \n                <a href=\"http:\/\/www.omgisac.com\/protab\/portfolio\/asesoria-en-adquisicion-de-productos\/\">\n\t<h4 itemprop=\"name\" class=\"mkdf-pli-title entry-title\" >\n\t\tAsesor\u00eda en adquisici\u00f3n de  productos\t<\/h4>\n    <\/a>\n\n            \n            \n            \n    <!-- <div class=\"mkdf-pl-read-more-holder\">\n    \n    <a itemprop=\"url\" href=\"http:\/\/www.omgisac.com\/protab\/portfolio\/asesoria-en-adquisicion-de-productos\/\" target=\"_self\"  class=\"mkdf-btn mkdf-btn-medium mkdf-btn-simple\"  >\n    <span class=\"mkdf-btn-text\">Find out more<\/span>\n    <\/a>\n    <\/div> -->\n\n    \t\t<\/div>\n\t<\/div>\n<\/div>\n\t\t<a itemprop=\"url\" class=\"mkdf-pli-link mkdf-block-drag-link\" href=\"http:\/\/www.omgisac.com\/protab\/portfolio\/asesoria-en-adquisicion-de-productos\/\" target=\"_self\"><\/a>\n\t<\/div>\n<\/article>\t<\/div>\n\t\n\t<\/div>\t\t<\/div>\n\t\t\t\t<\/div>\n\t\t\t\t\t<\/div>\n\t\t<\/div>\n\t\t\t\t\t\t\t<\/div>\n\t\t<\/section>\n\t\t\t\t\t\t<\/div>\n\t\t\t\t\t<\/div>\n\t\t","protected":false},"excerpt":{"rendered":"<p>Soluciones Soporte e implementaciones Asesor\u00edas y consultor\u00edas Asesor\u00eda en adquisici\u00f3n de productos<\/p>\n","protected":false},"author":1,"featured_media":0,"parent":0,"menu_order":0,"comment_status":"closed","ping_status":"closed","template":"full-width.php","meta":{"footnotes":""},"class_list":["post-9571","page","type-page","status-publish","hentry"],"_links":{"self":[{"href":"http:\/\/www.omgisac.com\/protab\/wp-json\/wp\/v2\/pages\/9571","targetHints":{"allow":["GET"]}}],"collection":[{"href":"http:\/\/www.omgisac.com\/protab\/wp-json\/wp\/v2\/pages"}],"about":[{"href":"http:\/\/www.omgisac.com\/protab\/wp-json\/wp\/v2\/types\/page"}],"author":[{"embeddable":true,"href":"http:\/\/www.omgisac.com\/protab\/wp-json\/wp\/v2\/users\/1"}],"replies":[{"embeddable":true,"href":"http:\/\/www.omgisac.com\/protab\/wp-json\/wp\/v2\/comments?post=9571"}],"version-history":[{"count":84,"href":"http:\/\/www.omgisac.com\/protab\/wp-json\/wp\/v2\/pages\/9571\/revisions"}],"predecessor-version":[{"id":10464,"href":"http:\/\/www.omgisac.com\/protab\/wp-json\/wp\/v2\/pages\/9571\/revisions\/10464"}],"wp:attachment":[{"href":"http:\/\/www.omgisac.com\/protab\/wp-json\/wp\/v2\/media?parent=9571"}],"curies":[{"name":"wp","href":"https:\/\/api.w.org\/{rel}","templated":true}]}}